{"id":210106,"date":"2021-11-16T15:25:04","date_gmt":"2021-11-16T15:25:04","guid":{"rendered":"http:\/\/localhost:10003\/?page_id=210106"},"modified":"2023-07-25T15:24:11","modified_gmt":"2023-07-25T15:24:11","slug":"contact-us","status":"publish","type":"page","link":"https:\/\/vokbaths.is\/en\/contact-us\/","title":{"rendered":"Contact us"},"content":{"rendered":"<p>[et_pb_section fb_built=&#8221;1&#8243; _builder_version=&#8221;4.16&#8243; background_color=&#8221;#f3f3f3&#8243; custom_margin=&#8221;||||false|false&#8221; custom_padding=&#8221;18px||0px|||&#8221; global_colors_info=&#8221;{}&#8221;][et_pb_row _builder_version=&#8221;4.16&#8243; custom_padding=&#8221;14px||7px|||&#8221; global_colors_info=&#8221;{}&#8221;][et_pb_column type=&#8221;4_4&#8243; _builder_version=&#8221;4.16&#8243; custom_padding=&#8221;|||&#8221; global_colors_info=&#8221;{}&#8221; custom_padding__hover=&#8221;|||&#8221;][et_pb_text _builder_version=&#8221;4.16&#8243; header_font=&#8221;||||||||&#8221; header_text_color=&#8221;#00A9E0&#8243; header_font_size=&#8221;60px&#8221; header_font_size_tablet=&#8221;&#8221; header_font_size_phone=&#8221;36px&#8221; header_font_size_last_edited=&#8221;on|phone&#8221; global_colors_info=&#8221;{}&#8221;]<\/p>\n<h1><span style=\"color: #0085c4;\">Get in touch<\/span><\/h1>\n<p>[\/et_pb_text][\/et_pb_column][\/et_pb_row][et_pb_row column_structure=&#8221;1_2,1_2&#8243; _builder_version=&#8221;4.16&#8243; custom_padding=&#8221;10px||11px|||&#8221; global_colors_info=&#8221;{}&#8221;][et_pb_column type=&#8221;1_2&#8243; _builder_version=&#8221;4.16&#8243; custom_padding=&#8221;|||&#8221; global_colors_info=&#8221;{}&#8221; custom_padding__hover=&#8221;|||&#8221;][et_pb_text _builder_version=&#8221;4.16&#8243; text_font=&#8221;||||||||&#8221; text_line_height=&#8221;1.5em&#8221; header_font=&#8221;||||||||&#8221; header_font_size=&#8221;50px&#8221; header_2_font=&#8221;||||||||&#8221; header_2_text_align=&#8221;left&#8221; header_2_font_size=&#8221;25px&#8221; header_2_letter_spacing=&#8221;1px&#8221; header_2_line_height=&#8221;1.4em&#8221; global_colors_info=&#8221;{}&#8221; custom_padding=&#8221;||1px|||&#8221;]<\/p>\n<div class=\"wpb_text_column wpb_content_element \">\n<div class=\"wpb_wrapper\"><\/div>\n<\/div>\n<div class=\"wpb_text_column wpb_content_element  vc_custom_1559221512964\">\n<div class=\"wpb_wrapper\">\n<div class=\"wpb_text_column wpb_content_element \">\n<div class=\"wpb_wrapper\">\n<p>Should you have any additional questions, don\u2019t hesitate to reach out. We look forward to hearing from you!<\/p>\n<\/div>\n<\/div>\n<div class=\"vc_empty_space\"><\/div>\n<div class=\"wpb_text_column wpb_content_element \">\n<div class=\"wpb_wrapper\">\n<p>Phone: +354 4709500<br \/>Email:\u00a0<strong><a href=\"mailto:hello@vok-baths.is\"><span style=\"color: #0085c4;\">hello@vokbaths.is<\/span><\/a><\/strong><\/p>\n<p>V\u00f6k vi\u00f0 Urri\u00f0avatn, 701 Egilssta\u00f0ir<\/p>\n<p><strong>Loking for more information?<\/strong><\/p>\n<p><span style=\"color: #0085c4;\"><a href=\"https:\/\/vokbaths.is\/en\/faq\/\" style=\"color: #0085c4;\">Check our FAQ and safety rules.<\/a><\/span><\/p>\n<\/div>\n<\/div>\n<\/div>\n<\/div>\n<p>[\/et_pb_text][\/et_pb_column][et_pb_column type=&#8221;1_2&#8243; _builder_version=&#8221;4.16&#8243; custom_padding=&#8221;|||&#8221; global_colors_info=&#8221;{}&#8221; custom_padding__hover=&#8221;|||&#8221;][et_pb_text _builder_version=&#8221;4.16&#8243; text_font=&#8221;||||||||&#8221; text_line_height=&#8221;1em&#8221; header_font=&#8221;||||||||&#8221; header_font_size=&#8221;50px&#8221; header_2_font=&#8221;||||||||&#8221; header_2_text_align=&#8221;left&#8221; header_2_font_size=&#8221;25px&#8221; header_2_letter_spacing=&#8221;1px&#8221; header_2_line_height=&#8221;1.4em&#8221; header_3_font=&#8221;||||||||&#8221; header_3_font_size=&#8221;25px&#8221; header_3_line_height=&#8221;1.5em&#8221; global_colors_info=&#8221;{}&#8221; custom_padding=&#8221;||0px|||&#8221;]<\/p>\n<p><strong>Media&amp;press<\/strong><\/p>\n<p><strong><a href=\"mailto:info@vok-baths.is\"><span style=\"color: #0085c4;\">sales@vokbaths.is<\/span><\/a><\/strong><\/p>\n<p><span style=\"color: #0085c4;\"><strong><a href=\"https:\/\/www.instagram.com\/vokbaths\/\" style=\"color: #0085c4;\">Instagram<\/a><\/strong><\/span><\/p>\n<p><span style=\"color: #0085c4;\"><a href=\"https:\/\/www.facebook.com\/vokbaths\/\" style=\"color: #0085c4;\"><strong>Facebook<\/strong><\/a><\/span><\/p>\n<p><span style=\"color: #0085c4;\"><strong><a href=\"https:\/\/www.tripadvisor.com\/Attraction_Review-g315847-d15851216-Reviews-Vok_Baths-Egilsstadir_East_Region.html\" style=\"color: #0085c4;\">TripAdvisor<\/a><\/strong><\/span><\/p>\n<p>[\/et_pb_text][\/et_pb_column][\/et_pb_row][\/et_pb_section][et_pb_section fb_built=&#8221;1&#8243; _builder_version=&#8221;4.16&#8243; background_color=&#8221;#f3f3f3&#8243; custom_margin=&#8221;||||false|false&#8221; custom_padding=&#8221;18px||0px|||&#8221; global_colors_info=&#8221;{}&#8221;][et_pb_row _builder_version=&#8221;4.16&#8243; custom_padding=&#8221;14px||7px|||&#8221; global_colors_info=&#8221;{}&#8221;][et_pb_column type=&#8221;4_4&#8243; _builder_version=&#8221;4.16&#8243; custom_padding=&#8221;|||&#8221; global_colors_info=&#8221;{}&#8221; custom_padding__hover=&#8221;|||&#8221;][et_pb_text _builder_version=&#8221;4.16&#8243; header_font=&#8221;||||||||&#8221; header_text_color=&#8221;#00A9E0&#8243; header_font_size=&#8221;60px&#8221; header_2_text_color=&#8221;#00A9E0&#8243; header_2_font_size=&#8221;40px&#8221; header_2_font_size_tablet=&#8221;&#8221; header_2_font_size_phone=&#8221;25px&#8221; header_2_font_size_last_edited=&#8221;on|phone&#8221; global_colors_info=&#8221;{}&#8221;]<\/p>\n<h2><span style=\"color: #0085c4;\">Where to find us<\/span><\/h2>\n<p>V\u00f6k Baths is located only a few minutes northwest of Egilssta\u00f0ir.<\/p>\n<p>Lake Urri\u00f0avatn, Route 925 Hr\u00f3arstunguvegur, 701 Egilssta\u00f0ir<\/p>\n<p>GPS: 65.3038589,-14.449273<\/p>\n<p>[\/et_pb_text][\/et_pb_column][\/et_pb_row][\/et_pb_section][et_pb_section fb_built=&#8221;1&#8243; _builder_version=&#8221;4.16&#8243; background_color=&#8221;#f3f3f3&#8243; custom_padding=&#8221;16px||10px|||&#8221; global_colors_info=&#8221;{}&#8221;][et_pb_row column_structure=&#8221;1_2,1_2&#8243; _builder_version=&#8221;4.16&#8243; custom_padding=&#8221;18px||9px|||&#8221; global_colors_info=&#8221;{}&#8221;][et_pb_column type=&#8221;1_2&#8243; _builder_version=&#8221;4.16&#8243; custom_padding=&#8221;|||&#8221; global_colors_info=&#8221;{}&#8221; custom_padding__hover=&#8221;|||&#8221;][et_pb_text _builder_version=&#8221;4.18.0&#8243; text_font=&#8221;||||||||&#8221; text_line_height=&#8221;1.5em&#8221; header_font=&#8221;||||||||&#8221; header_2_font=&#8221;||||||||&#8221; header_2_text_align=&#8221;left&#8221; header_2_text_color=&#8221;#00A9E0&#8243; header_2_font_size=&#8221;40px&#8221; header_2_letter_spacing=&#8221;1px&#8221; header_2_line_height=&#8221;1.4em&#8221; hover_enabled=&#8221;0&#8243; header_2_font_size_tablet=&#8221;&#8221; header_2_font_size_phone=&#8221;25px&#8221; header_2_font_size_last_edited=&#8221;on|phone&#8221; global_colors_info=&#8221;{}&#8221; sticky_enabled=&#8221;0&#8243;]<\/p>\n<div class=\"wpb_text_column wpb_content_element  vc_custom_1568295088585\">\n<div class=\"wpb_wrapper\">\n<h2><span style=\"color: #0085c4;\">How to get there?<\/span><\/h2>\n<p><strong><u>By car<\/u><\/strong><\/p>\n<p><strong>From South<\/strong><br \/>H\u00f6fn 262 km<br \/>Dj\u00fapivogur 161 km<\/p>\n<p><strong>From North<\/strong><br \/>Akureyri 269 km<br \/>Myvatn 164 km<\/p>\n<p><strong><u>By plane<\/u><\/strong><\/p>\n<p>Direct flights from Reykjavik to Egilssta\u00f0ir (1-hour flight, 3 times a day)<\/p>\n<\/div>\n<\/div>\n<p>[\/et_pb_text][\/et_pb_column][et_pb_column type=&#8221;1_2&#8243; _builder_version=&#8221;4.16&#8243; custom_padding=&#8221;|||&#8221; global_colors_info=&#8221;{}&#8221; custom_padding__hover=&#8221;|||&#8221;][et_pb_code _builder_version=&#8221;4.16&#8243; min_height=&#8221;469px&#8221; custom_padding=&#8221;1px|51px|17px|47px||&#8221; global_colors_info=&#8221;{}&#8221;]<iframe loading=\"lazy\" src=\"https:\/\/www.google.com\/maps\/embed?pb=!1m14!1m8!1m3!1d3445148.9767186176!2d-20.2412416!3d65.062864!3m2!1i1024!2i768!4f13.1!3m3!1m2!1s0x48cc04800da89ed3%3A0x95bf416b2c7c7f54!2sEgilssta%C3%B0ir%2C+Iceland!5e0!3m2!1sen!2ses!4v1558553208110!5m2!1sen!2ses\" width=\"600\" height=\"450\" frameborder=\"0\" style=\"border:0\" allowfullscreen><\/iframe>[\/et_pb_code][\/et_pb_column][\/et_pb_row][\/et_pb_section][et_pb_section fb_built=&#8221;1&#8243; _builder_version=&#8221;4.16&#8243; background_color=&#8221;#3b4559&#8243; global_colors_info=&#8221;{}&#8221;][et_pb_row column_structure=&#8221;1_4,1_4,1_4,1_4&#8243; _builder_version=&#8221;4.16&#8243; global_colors_info=&#8221;{}&#8221;][et_pb_column type=&#8221;1_4&#8243; _builder_version=&#8221;4.16&#8243; custom_padding=&#8221;|||&#8221; global_colors_info=&#8221;{}&#8221; custom_padding__hover=&#8221;|||&#8221;][et_pb_text _builder_version=&#8221;4.16&#8243; text_font=&#8221;Open Sans||||||||&#8221; text_text_color=&#8221;#ffffff&#8221; text_font_size=&#8221;15px&#8221; text_line_height=&#8221;1em&#8221; header_font=&#8221;Open Sans||||||||&#8221; header_4_font=&#8221;Open Sans||||||||&#8221; header_4_text_color=&#8221;#ffffff&#8221; header_4_font_size=&#8221;15px&#8221; global_colors_info=&#8221;{}&#8221;]<\/p>\n<h4>ADDRESS<\/h4>\n<div class=\"textwidget\">\n<p><i class=\"fa fa-map-marker fa- \"><\/i>V\u00f6k Baths<\/p>\n<p><i class=\"fa fa-map-marker fa- hide \"><\/i>V\u00f6k vi\u00f0 Urri\u00f0avatn<\/p>\n<p><i class=\"fa fa-map-marker fa- hide \"><\/i>701 Egilssta\u00f0ir<\/p>\n<\/div>\n<p>[\/et_pb_text][\/et_pb_column][et_pb_column type=&#8221;1_4&#8243; _builder_version=&#8221;4.16&#8243; custom_padding=&#8221;|||&#8221; global_colors_info=&#8221;{}&#8221; custom_padding__hover=&#8221;|||&#8221;][et_pb_text _builder_version=&#8221;4.16&#8243; text_font=&#8221;Open Sans||||||||&#8221; text_text_color=&#8221;#ffffff&#8221; text_font_size=&#8221;15px&#8221; text_line_height=&#8221;1.5em&#8221; header_font=&#8221;||||||||&#8221; header_4_font=&#8221;Open Sans||||||||&#8221; header_4_text_color=&#8221;#ffffff&#8221; header_4_font_size=&#8221;15px&#8221; global_colors_info=&#8221;{}&#8221;]<\/p>\n<h4>CONTACT<\/h4>\n<div class=\"textwidget\">\n<p><i class=\"fa fa-envelope fa- \"><\/i>\u00a0hello@vok-baths.is<\/p>\n<p><i class=\"fa fa-phone fa- \"><\/i>\u00a0+354 4709500<\/p>\n<\/div>\n<p>[\/et_pb_text][\/et_pb_column][et_pb_column type=&#8221;1_4&#8243; _builder_version=&#8221;4.16&#8243; custom_padding=&#8221;|||&#8221; global_colors_info=&#8221;{}&#8221; custom_padding__hover=&#8221;|||&#8221;][et_pb_code _builder_version=&#8221;4.16&#8243; global_colors_info=&#8221;{}&#8221;]<\/p>\n<h4 style=\"color: #ffffff;<!-- [et_pb_line_break_holder] -->font-family: &#8216;Open Sans&#8217;,Helvetica,Arial,Lucida,sans-serif;<!-- [et_pb_line_break_holder] -->font-size: 15px&#8221;>FOLLOW US<\/h4>\n<p><!-- [et_pb_line_break_holder] --><\/p>\n<div class=\"textwidget\"><!-- [et_pb_line_break_holder] --><pee><!-- [et_pb_line_break_holder] --><span><!-- [et_pb_line_break_holder] --><a style=\"color: #ffffff;\" href=\"https:\/\/www.instagram.com\/vokbaths\/\" target=\"_blank\" rel=\"noopener noreferrer\"><img loading=\"lazy\" decoding=\"async\" src=\"https:\/\/vok-baths.is\/wp-content\/uploads\/2020\/01\/instagram.png\" alt=\"\" width=\"20\" height=\"20\" \/><\/a><!-- [et_pb_line_break_holder] --><\/span><!-- [et_pb_line_break_holder] --><span><!-- [et_pb_line_break_holder] --><a style=\"color: #ffffff;\" href=\"https:\/\/www.facebook.com\/vokbaths\/\" target=\"_blank\" rel=\"noopener noreferrer\"><img loading=\"lazy\" decoding=\"async\" src=\"https:\/\/vok-baths.is\/wp-content\/uploads\/2020\/01\/facebook-4-300.png\" alt=\"\" width=\"20\" height=\"20\" \/><\/a><!-- [et_pb_line_break_holder] --><\/span><!-- [et_pb_line_break_holder] --><span><!-- [et_pb_line_break_holder] --><a style=\"color: #ffffff;\" href=\"https:\/\/www.tripadvisor.com\/Attraction_Review-g315847-d15851216-Reviews-Vok_Baths-Egilsstadir_East_Region.html\" target=\"_blank\" rel=\"noopener noreferrer\"><img loading=\"lazy\" decoding=\"async\" src=\"https:\/\/vok-baths.is\/wp-content\/uploads\/2020\/03\/tripadvisor-300x300-1.png\" alt=\"\" width=\"20\" height=\"20\" \/><\/a><!-- [et_pb_line_break_holder] --><\/span><!-- [et_pb_line_break_holder] --><\/pee><!-- [et_pb_line_break_holder] --><\/div>\n<p>[\/et_pb_code][\/et_pb_column][et_pb_column type=&#8221;1_4&#8243; _builder_version=&#8221;4.16&#8243; custom_padding=&#8221;|||&#8221; global_colors_info=&#8221;{}&#8221; custom_padding__hover=&#8221;|||&#8221;][et_pb_text _builder_version=&#8221;4.16&#8243; text_font=&#8221;Open Sans||||||||&#8221; text_text_color=&#8221;#ffffff&#8221; text_font_size=&#8221;15px&#8221; text_line_height=&#8221;1.5em&#8221; header_font=&#8221;||||||||&#8221; header_4_font=&#8221;Open Sans||||||||&#8221; header_4_text_color=&#8221;#ffffff&#8221; header_4_font_size=&#8221;15px&#8221; global_colors_info=&#8221;{}&#8221;]<\/p>\n<h4><a href=\"https:\/\/vokbaths.is\/en\/faq\/\">FAQ<\/a><\/h4>\n<h4><a href=\"https:\/\/vokbaths.is\/en\/hours-prices\/\">Hours &amp; prices<\/a><\/h4>\n<h4><a href=\"https:\/\/vokbaths.is\/en\/about-us\/\">About us<\/a><\/h4>\n<h4><a href=\"https:\/\/vokbaths.is\/en\/contact-us\/\">Get in touch<\/a><\/h4>\n<h4><a href=\"https:\/\/vokbaths.is\/en\/terms-and-conditions\/\">Terms &amp; conditions<\/a><\/h4>\n<div class=\"textwidget\">\n<p>&nbsp;<\/p>\n<\/div>\n<p>[\/et_pb_text][\/et_pb_column][\/et_pb_row][\/et_pb_section]<\/p>\n","protected":false},"excerpt":{"rendered":"<p>Get in touch Should you have any additional questions, don\u2019t hesitate to reach out. We look forward to hearing from you! Phone: +354 4709500Email:\u00a0hello@vokbaths.is V\u00f6k vi\u00f0 Urri\u00f0avatn, 701 Egilssta\u00f0ir Loking for more information? Check our FAQ and safety rules. Media&amp;press sales@vokbaths.is Instagram Facebook TripAdvisorWhere to find us V\u00f6k Baths is located only a few minutes [&hellip;]<\/p>\n","protected":false},"author":1,"featured_media":205810,"parent":0,"menu_order":0,"comment_status":"closed","ping_status":"closed","template":"","meta":{"_et_pb_use_builder":"on","_et_pb_old_content":"","_et_gb_content_width":"","footnotes":""},"class_list":["post-210106","page","type-page","status-publish","has-post-thumbnail","hentry"],"_links":{"self":[{"href":"https:\/\/vokbaths.is\/en\/wp-json\/wp\/v2\/pages\/210106","targetHints":{"allow":["GET"]}}],"collection":[{"href":"https:\/\/vokbaths.is\/en\/wp-json\/wp\/v2\/pages"}],"about":[{"href":"https:\/\/vokbaths.is\/en\/wp-json\/wp\/v2\/types\/page"}],"author":[{"embeddable":true,"href":"https:\/\/vokbaths.is\/en\/wp-json\/wp\/v2\/users\/1"}],"replies":[{"embeddable":true,"href":"https:\/\/vokbaths.is\/en\/wp-json\/wp\/v2\/comments?post=210106"}],"version-history":[{"count":9,"href":"https:\/\/vokbaths.is\/en\/wp-json\/wp\/v2\/pages\/210106\/revisions"}],"predecessor-version":[{"id":213098,"href":"https:\/\/vokbaths.is\/en\/wp-json\/wp\/v2\/pages\/210106\/revisions\/213098"}],"wp:featuredmedia":[{"embeddable":true,"href":"https:\/\/vokbaths.is\/en\/wp-json\/wp\/v2\/media\/205810"}],"wp:attachment":[{"href":"https:\/\/vokbaths.is\/en\/wp-json\/wp\/v2\/media?parent=210106"}],"curies":[{"name":"wp","href":"https:\/\/api.w.org\/{rel}","templated":true}]}}