{"id":208601,"date":"2021-07-08T11:24:29","date_gmt":"2021-07-08T11:24:29","guid":{"rendered":"http:\/\/localhost:10003\/?page_id=208601"},"modified":"2023-12-04T19:43:36","modified_gmt":"2023-12-04T19:43:36","slug":"terms-and-conditions","status":"publish","type":"page","link":"https:\/\/vokbaths.is\/en\/terms-and-conditions\/","title":{"rendered":"Terms and conditions"},"content":{"rendered":"<p>[et_pb_section fb_built=&#8221;1&#8243; _builder_version=&#8221;4.16&#8243; _module_preset=&#8221;default&#8221; global_colors_info=&#8221;{}&#8221;][et_pb_row _builder_version=&#8221;4.16&#8243; _module_preset=&#8221;default&#8221; global_colors_info=&#8221;{}&#8221;][et_pb_column type=&#8221;4_4&#8243; _builder_version=&#8221;4.16&#8243; _module_preset=&#8221;default&#8221; global_colors_info=&#8221;{}&#8221;][et_pb_text _builder_version=&#8221;4.16&#8243; _module_preset=&#8221;default&#8221; global_colors_info=&#8221;{}&#8221;]<\/p>\n<h1>TERMS AND CONDITIONS<\/h1>\n<p>These General Terms apply to all guests visiting V\u00f6k Baths (V\u00f6k Baths ehf registered at Urri\u00f0avatn, 701 Egilssta\u00f0ir, Iceland).<\/p>\n<p>1. BOOKING, CANCELLATION AND GENERAL CONDITIONS.<\/p>\n<p>Prices displayed on our website are subject to changes. V\u00f6k Baths reserves the right to change prices without notice. Prices include VAT and service fees.<br \/>Purchases made through our website require full payment at the time of purchase with a valid credit card.<br \/>You will receive your ticket via email, which contains a code that will be scanned by a staff member on your arrival. Should you not receive an email including your ticket we advise you to contact V\u00f6k Baths at hello@vokbaths.is.<br \/>The ticket can either be printed or stored on your phone or device. V\u00f6k Baths reserves rights to request identification of the ticket holder before entering the baths with a valid identity card.<br \/>The ticket is only to be used at the time and date stated on the ticket, by the receiver and is not to be resold or traded in any form. Amendments and cancellations for bookings must be presented via email to hello@vokbaths.is. V\u00f6k Baths cannot guarantee requests for amendments beforehand. Cancellation charges are as follows: cancellation made with more than 72 hours, notice: 100 % is refunded. &#8211; Cancellation made with 24-72 hours&#8217; notice: 50 % is refunded. &#8211; Cancellation made with less than 24 hours, notice: No refund. V\u00f6k Baths reserves the right to change or cancel all bookings in accordance with operating requirements or circumstances beyond its control. ln such an event you will be entitled to a full refund of your ticket.<br \/>By using our services, you agree that any claim, action or lawsuit arising out of these terms and conditions and\/or the services purchased, shall be interpreted and governed in conformity with Icelandic law. Both parties submit to the exclusive jurisdiction and competence of the courts of Iceland.<\/p>\n<p>2. SAFETY STANDARDS AND LIABILITY.<\/p>\n<p>When entering our facilities, guests assume full responsibility for their own safety and the safety of the children in their care. V\u00f6k Baths disclaims responsibility for any loss, damage, accidents, sickness, or changes in schedule caused by weather, strikes, or any other irregularity outside the company&#8217;s control and for expenses due to any of these reasons. All such losses and expenses are the personal liability of the guest. V\u00f6k Baths disclaims responsibility for any guest\u00b4s valuables that might get stolen, lost or damaged during the visit.<br \/>We advise all our guests to have valid travel insurance. Your safety is our highest priority. To ensure your safety and to make your visit as enjoyable as possible, we ask you to pay special attention to the following:<br \/>&#8211; lf you suffer from any medical conditions, V\u00f6k Baths advises you to get prior medical consultation and permission from your doctor before entering our facilities. Inform staff about any medical conditions that might affect your safety in the pools.<br \/>&#8211; lf you cannot swim, it is critical that you inform our staff.<br \/>&#8211; Guests must wash without a swimsuit before entering the pools.<br \/>&#8211; Diving and snorkeling are prohibited.<br \/>&#8211; lt is recommended that guests take regular breaks (5-minute intervals) from the pools and sauna.<br \/>&#8211; Drink plenty of water to keep hydrated.<br \/>&#8211; Please be aware that floors and walkways may be slippery and\/or wet. Exercise caution when walking in wet areas and on stairs. Do not run. Hold on to handrails where available. please help us keep areas dry where applicable.<br \/>&#8211; No glass is allowed.<br \/>&#8211; Smoking and usage of other nicotine products, including e-cigarettes and nicotine pouches is prohibited in the pools and on the premises of V\u00f6k Baths. Offenders may be fined up to 250.000 ISK.<br \/>&#8211; V\u00f6k Baths is not responsible for valuables. Guests are solely responsible for their own belongings.<br \/>&#8211; For safety reasons, we reserve the right to refuse\/withdraw access to anyone who arrives intoxicated or wants to enter\/remain in the pools intoxicated. The determination of whether an individual is intoxicated is solely at our discretion.<br \/>&#8211; Walk on designated walking paths.<br \/>&#8211; Always comply to instructions from our staff. Lack of compliance or inappropriate behavior can result in immediate expulsion from V\u00f6k Baths.<br \/>There is no minimum age for entering the pools. All children up to 16 years of age must always be accompanied and in the care of an adult guardian during their visit. A maximum of two children may be accompanied by one guardian, unless the guardian is their parent or legal guardian. Inflatable armbands or floaties are recommended to all children. The floaties are not considered a life-saving device and therefore do not replace continuous adult supervision of children.<\/p>\n<p>3. Annual passes<\/p>\n<p><span>Annual passes are linked to the holder&#8217;s social security number and are non-transferable. Valid for one year from the date of purchase, these passes have unlimited usage during that period. However, if V\u00f6k Baths anticipates full bookings due to reservation arrangements, priority may be given to other guests.<\/span><\/p>\n<p><span>If V\u00f6k Baths discovers, through random checks, that a pass holder is sharing access details, whether through self-service or other means, V\u00f6k Baths reserves the right to cancel the annual pass.<\/span><\/p>\n<p>[\/et_pb_text][\/et_pb_column][\/et_pb_row][\/et_pb_section]<\/p>\n","protected":false},"excerpt":{"rendered":"<p>TERMS AND CONDITIONS These General Terms apply to all guests visiting V\u00f6k Baths (V\u00f6k Baths ehf registered at Urri\u00f0avatn, 701 Egilssta\u00f0ir, Iceland). 1. BOOKING, CANCELLATION AND GENERAL CONDITIONS. Prices displayed on our website are subject to changes. V\u00f6k Baths reserves the right to change prices without notice. Prices include VAT and service fees.Purchases made through [&hellip;]<\/p>\n","protected":false},"author":1,"featured_media":0,"parent":0,"menu_order":0,"comment_status":"closed","ping_status":"closed","template":"","meta":{"_et_pb_use_builder":"on","_et_pb_old_content":"<p>[et_pb_section fb_built=\"1\" _builder_version=\"4.9.6\" _module_preset=\"default\"][et_pb_row _builder_version=\"4.9.6\" _module_preset=\"default\"][et_pb_column _builder_version=\"4.9.6\" _module_preset=\"default\" type=\"4_4\"][et_pb_text _builder_version=\"4.9.6\" _module_preset=\"default\" hover_enabled=\"0\" sticky_enabled=\"0\"]<\/p><h1>TERMS AND CONDITIONS<\/h1><p>These General Terms apply to all guests visiting Vok Baths (Vok Baths ehf registered at Urridavatn, 701 Egilsstadir, Iceland).<\/p><p>1. BOOKING, CANCELLATION AND GENERAL CONDITIONS.<\/p><p>Prices displayed on our website are subject to changes. Vok Baths reserves the right to change prices without notice. Prices include VAT and service fees. <br \/>Purchases made through our website require full payment at the time of purchase with a valid credit card.<br \/>You will receive your ticket via email, which contains a code that will be scanned by a staff member on your arrival. Should you not receive an email including your ticket we advise you to contact Vok Baths at info@vok-baths.is.<br \/>The ticket can either be printed or stored on your phone or device. Vok Baths reserves rights to request identification of the ticket holder before entering the baths with a valid identity card. <br \/>The ticket is only to be used at the time and date stated on the ticket, by the receiver and is not to be resold or traded in any form. Amendments and cancellations for bookings must be presented via email to info@vok-baths.is. Vok Baths cannot guarantee requests for amendments beforehand. Cancellation charges are as follows: cancellation made with more than 72 hours, notice: 100% is refunded. - Cancellation made with 24-72 hours' notice: 50%is refunded. - Cancellation made with less than 24 hours, notice: 10% is refunded. Vok Baths reserves the right to change or cancel all bookings in accordance with operating requirements or circumstances beyond its control. ln such an event you will be entitled to a full refund of your ticket. <br \/>By using our services, you agree that any claim, action or lawsuit arising out of these terms and conditions and\/or the services purchased, shall be interpreted and governed in conformity with Icelandic law. Both parties submit to the exclusive jurisdiction and competence of the courts of Iceland.<\/p><p>2. SAFETY STANDARDS AND LIABILITY.<\/p><p>When entering our facilities, guests assume full responsibility for their own safety and the safety of the children in their care. Vok Baths disclaims responsibility for any loss, damage, accidents, sickness, or changes in schedule caused by weather, strikes, or any other irregularity outside the company's control and for expenses due to any of these reasons. All such losses and expenses are the personal liability of the guest. Vok Baths disclaims responsibility for any guest\u00b4s valuables that might get stolen, lost or damaged during the visit. <br \/>We advise all our guests to have valid travel insurance. Your safety is our highest priority. To ensure your safety and to make your visit as enjoyable as possible, we ask you to pay special attention to the following: <br \/>- lf you suffer from any medical conditions, Vok Baths advises you to get prior medical consultation and permission from your doctor before entering our facilities. Inform staff about any medical conditions that might affect your safety in the pools. <br \/>- lf you cannot swim, it is critical that you inform our staff. <br \/>- Guests must wash without a swimsuit before entering the pools. <br \/>- Diving and snorkeling are prohibited. <br \/>- lt is recommended that guests take regular breaks (5-minute intervals) from the pools and sauna. <br \/>- Drink plenty of water to keep hydrated. <br \/>- Please be aware that floors and walkways may be slippery and\/or wet. Exercise caution when walking in wet areas and on stairs. Do not run. Hold on to handrails where available. please help us keep areas dry where applicable. <br \/>- No glass is allowed. <br \/>- Smoking is prohibited in the pools and on the premises of Vok Baths. <br \/>- Vok Baths is not responsible for valuables. Guests are solely responsible for their own belongings. <br \/>- For safety reasons, we reserve the right to refuse\/withdraw access to anyone who arrives intoxicated or wants to enter\/remain in the pools intoxicated. The determination of whether an individual is intoxicated is solely at our discretion. <br \/>- Walk on designated walking paths. <br \/>- Always comply to instructions from our staff. Lack of compliance or inappropriate behavior can result in immediate expulsion from Vok Baths. <br \/>There is no minimum age for entering the pools. All children up to 16 years of age must always be accompanied and in the care of an adult guardian during their visit. A maximum of two children may be accompanied by one guardian, unless the guardian is their parent or legal guardian. Inflatable armbands or floaties are recommended to all children. The floaties are not considered a life saving device and therefore do not replace continuous adult supervision of children.<\/p><p>[\/et_pb_text][\/et_pb_column][\/et_pb_row][\/et_pb_section]<\/p>","_et_gb_content_width":"","footnotes":""},"class_list":["post-208601","page","type-page","status-publish","hentry"],"_links":{"self":[{"href":"https:\/\/vokbaths.is\/en\/wp-json\/wp\/v2\/pages\/208601","targetHints":{"allow":["GET"]}}],"collection":[{"href":"https:\/\/vokbaths.is\/en\/wp-json\/wp\/v2\/pages"}],"about":[{"href":"https:\/\/vokbaths.is\/en\/wp-json\/wp\/v2\/types\/page"}],"author":[{"embeddable":true,"href":"https:\/\/vokbaths.is\/en\/wp-json\/wp\/v2\/users\/1"}],"replies":[{"embeddable":true,"href":"https:\/\/vokbaths.is\/en\/wp-json\/wp\/v2\/comments?post=208601"}],"version-history":[{"count":7,"href":"https:\/\/vokbaths.is\/en\/wp-json\/wp\/v2\/pages\/208601\/revisions"}],"predecessor-version":[{"id":213806,"href":"https:\/\/vokbaths.is\/en\/wp-json\/wp\/v2\/pages\/208601\/revisions\/213806"}],"wp:attachment":[{"href":"https:\/\/vokbaths.is\/en\/wp-json\/wp\/v2\/media?parent=208601"}],"curies":[{"name":"wp","href":"https:\/\/api.w.org\/{rel}","templated":true}]}}