{"id":206803,"date":"2020-05-30T09:14:00","date_gmt":"2020-05-30T09:14:00","guid":{"rendered":"https:\/\/vok-baths.is\/?page_id=206803"},"modified":"2020-05-30T09:47:00","modified_gmt":"2020-05-30T09:47:00","slug":"vbrrpl","status":"publish","type":"page","link":"https:\/\/vokbaths.is\/en\/vbrrpl\/","title":{"rendered":"vbrrpl"},"content":{"rendered":"<p>[et_pb_section fb_built=&#8221;1&#8243; _builder_version=&#8221;4.3.4&#8243; background_color=&#8221;#505152&#8243;][et_pb_row _builder_version=&#8221;4.3.4&#8243;][et_pb_column type=&#8221;4_4&#8243; _builder_version=&#8221;4.3.4&#8243;][et_pb_image src=&#8221;https:\/\/vok-baths.is\/wp-content\/uploads\/2020\/05\/polish.png&#8221; _builder_version=&#8221;4.3.4&#8243;][\/et_pb_image][et_pb_button button_text=&#8221;Przeczyta\u0142em i akceptuj\u0119 regulamin V\u00f6k Baths&#8221; button_alignment=&#8221;center&#8221; _builder_version=&#8221;4.3.4&#8243; custom_button=&#8221;on&#8221; button_text_color=&#8221;#ffffff&#8221; button_border_color=&#8221;#ffffff&#8221; button_border_radius=&#8221;2px&#8221; hover_enabled=&#8221;0&#8243; button_bg_color__hover_enabled=&#8221;on|hover&#8221; button_bg_color__hover=&#8221;#9c9793&#8243; button_bg_enable_color__hover=&#8221;on&#8221; button_url=&#8221;https:\/\/vok-baths.is\/en\/vbsthpl\/&#8221;][\/et_pb_button][\/et_pb_column][\/et_pb_row][\/et_pb_section]<\/p>\n","protected":false},"excerpt":{"rendered":"","protected":false},"author":1,"featured_media":0,"parent":0,"menu_order":0,"comment_status":"closed","ping_status":"closed","template":"","meta":{"_et_pb_use_builder":"on","_et_pb_old_content":"","_et_gb_content_width":"","footnotes":""},"class_list":["post-206803","page","type-page","status-publish","hentry"],"_links":{"self":[{"href":"https:\/\/vokbaths.is\/en\/wp-json\/wp\/v2\/pages\/206803","targetHints":{"allow":["GET"]}}],"collection":[{"href":"https:\/\/vokbaths.is\/en\/wp-json\/wp\/v2\/pages"}],"about":[{"href":"https:\/\/vokbaths.is\/en\/wp-json\/wp\/v2\/types\/page"}],"author":[{"embeddable":true,"href":"https:\/\/vokbaths.is\/en\/wp-json\/wp\/v2\/users\/1"}],"replies":[{"embeddable":true,"href":"https:\/\/vokbaths.is\/en\/wp-json\/wp\/v2\/comments?post=206803"}],"version-history":[{"count":3,"href":"https:\/\/vokbaths.is\/en\/wp-json\/wp\/v2\/pages\/206803\/revisions"}],"predecessor-version":[{"id":206855,"href":"https:\/\/vokbaths.is\/en\/wp-json\/wp\/v2\/pages\/206803\/revisions\/206855"}],"wp:attachment":[{"href":"https:\/\/vokbaths.is\/en\/wp-json\/wp\/v2\/media?parent=206803"}],"curies":[{"name":"wp","href":"https:\/\/api.w.org\/{rel}","templated":true}]}}